{"id":19,"date":"2025-04-13T09:58:24","date_gmt":"2025-04-13T14:58:24","guid":{"rendered":"https:\/\/ritel.com.incoredessas.com\/?page_id=19"},"modified":"2025-04-16T14:29:12","modified_gmt":"2025-04-16T19:29:12","slug":"principal","status":"publish","type":"page","link":"https:\/\/ritel.com.incoredessas.com\/","title":{"rendered":"Inicio"},"content":{"rendered":"\n\n\n<h3>\nDise\u00f1o y Construcci\u00f3n RITEL\n<\/h3>\n<p style=\"text-align: center;\"><font color=\"#f2f2f2\">Dise\u00f1amos y construimos la infraestructura de telecomunicaciones y TDT bajo el cumplimiento de los requisitos tecnicos establecidos en el reglamento tecnico RITEL<\/font><\/p>\n<h4>\n<\/h4><h4>Si deseas este servicio, no dudes en contactarnos<\/h4>\n\n\n\n\n\n<h3 style=\"font-family: -apple-system, system-ui, BlinkMacSystemFont, &quot;Segoe UI&quot;, Helvetica, Arial, sans-serif, &quot;Apple Color Emoji&quot;, &quot;Segoe UI Emoji&quot;, &quot;Segoe UI Symbol&quot;; font-style: normal; text-align: center;\"><span style=\"font-weight: 700;\">\u00bfSabes que es el RITEL?<\/span><\/h3>\n<p style=\"text-align: justify;\"><span style=\"text-align: justify;\">El reglamento t\u00e9cnico de telecomunicaciones&nbsp;<\/span><span style=\"font-weight: 700; text-align: justify;\">(RITEL)<\/span><span style=\"text-align: justify;\">&nbsp;es el conjunto de normas y est\u00e1ndares t\u00e9cnicos establecidos por el ministerio de tecnolog\u00edas de la informaci\u00f3n y las comunicaciones (MinTIC) de Colombia, en conjunto con la comisi\u00f3n de regulaci\u00f3n de comunicaciones (CRC). Su objetivo principal es de garantizar la calidad y seguridad de los servicios y equipos de telecomunicaciones en el pa\u00eds.<\/span><br style=\"text-align: justify;\"><span style=\"text-align: justify;\">El&nbsp;<\/span><span style=\"font-weight: 700; text-align: justify;\">RITEL<\/span><span style=\"text-align: justify;\">&nbsp;define los requisitos t\u00e9cnicos que deben cumplir los dise\u00f1adores, constructores, operadores y fabricantes de equipos de telecomunicaciones, asegurando que los servicios ofrecidos a sus usuarios finales sean confiables, eficientes y cumplan con los est\u00e1ndares internacionales. Adem\u00e1s, promueve la competencia justa en el sector y protege los derechos de los consumidores.<\/span><br style=\"text-align: justify;\"><span style=\"text-align: justify;\">En resumen, el&nbsp;<\/span><span style=\"font-weight: 700; text-align: justify;\">RITEL<\/span><span style=\"text-align: justify;\">&nbsp;es la base normativa que regula el funcionamiento t\u00e9cnico de las telecomunicaciones en Colombia, contribuyendo al desarrollo tecnol\u00f3gico y a la conectividad en el pa\u00eds.<\/span><\/p>\n\n<h4>Conoce la normativa de cumplimiento del reglamento de redes internas de telecomunicaciones RITEL<\/h4>\n\n<h3 style=\"font-family: -apple-system, system-ui, BlinkMacSystemFont, &quot;Segoe UI&quot;, Helvetica, Arial, sans-serif, &quot;Apple Color Emoji&quot;, &quot;Segoe UI Emoji&quot;, &quot;Segoe UI Symbol&quot;; font-style: normal;\"><span style=\"font-weight: 700;\">Dise\u00f1o y Construcci\u00f3n RITEL<\/span><\/h3>\n<p style=\"text-align: justify;\"><span style=\"text-align: justify;\">En un mundo cada vez m\u00e1s conectado, garantizar que las redes y sistemas de telecomunicaciones cumplan con los m\u00e1s altos est\u00e1ndares de calidad y normatividad es esencial. En INCOREDES SAS nos especializamos en el Dise\u00f1o y Construcci\u00f3n de Infraestructura de soporte y TDT que cumplan las disposiciones del Reglamento T\u00e9cnico de Telecomunicaciones (RITEL) en Colombia.<\/span><br style=\"text-align: justify;\"><span style=\"text-align: justify;\">En&nbsp;<\/span><span style=\"font-weight: 700; text-align: justify;\">INCOREDES SAS<\/span><span style=\"text-align: justify;\">, entendemos la importancia de cumplir con estas normas no solo para evitar sanciones, sino para ofrecer a nuestros clientes soluciones confiables, innovadoras y alineadas con los est\u00e1ndares internacionales.<\/span><\/p>\n<h3 style=\"font-family: -apple-system, system-ui, BlinkMacSystemFont, &quot;Segoe UI&quot;, Helvetica, Arial, sans-serif, &quot;Apple Color Emoji&quot;, &quot;Segoe UI Emoji&quot;, &quot;Segoe UI Symbol&quot;; font-style: normal; text-align: center;\"><span style=\"font-weight: 700;\">\u00bfPor qu\u00e9 elegirnos?<\/span><\/h3>\n<p style=\"text-align: justify;\"><span style=\"font-weight: 700; text-align: justify;\">Experiencia y Conocimiento:<\/span><span style=\"text-align: justify;\">&nbsp;Contamos con un equipo de expertos en telecomunicaciones que domina la normatividad RITEL y las aplica en cada proyecto, desde el dise\u00f1o hasta la implementaci\u00f3n.<\/span><br style=\"text-align: justify;\"><span style=\"font-weight: 700; text-align: justify;\">Soluciones a medida:&nbsp;<\/span><span style=\"text-align: justify;\">Dise\u00f1amos redes y sistemas personalizados que se adaptan a las necesidades espec\u00edficas de tu negocio, asegurando el cumplimiento t\u00e9cnico y legal.<\/span><br style=\"text-align: justify;\"><span style=\"font-weight: 700; text-align: justify;\">Calidad Garantizada:<\/span><span style=\"text-align: justify;\">&nbsp;Utilizamos equipos y tecnolog\u00eda certificada que cumple con los est\u00e1ndares del RITEL, garantizando un rendimiento optimo y duradero.<\/span><br style=\"text-align: justify;\"><span style=\"font-weight: 700; text-align: justify;\">Enfoque en la Innovaci\u00f3n:<\/span><span style=\"text-align: justify;\">&nbsp;Integramos las ultimas tecnolog\u00edas y mejores pr\u00e1cticas del sector para ofrecer soluciones vanguardistas.<\/span><br style=\"text-align: justify;\"><span style=\"text-align: justify;\">En&nbsp;<\/span><span style=\"font-weight: 700; text-align: justify;\">INCOREDES SAS<\/span><span style=\"text-align: justify;\">, no solo construimos redes de telecomunicaciones; construimos confianza, eficiencia y futuro. Conf\u00eda en nosotros para llevar tu infraestructura de telecomunicaciones y TDT al siguiente nivel, cumplimiento con todas las normativas y est\u00e1ndares exigidos en Colombia.<\/span><\/p>\n\n\n\n\n<h3>\u00bfQuieres mas informaci\u00f3n?<\/h3>\n<h4>Solicita asesoria personalizada<\/h4>\n\n\n\n\n\n\n\n<h3 style=\"font-family: -apple-system, system-ui, BlinkMacSystemFont, &quot;Segoe UI&quot;, Helvetica, Arial, sans-serif, &quot;Apple Color Emoji&quot;, &quot;Segoe UI Emoji&quot;, &quot;Segoe UI Symbol&quot;; font-style: normal;\"><strong>Solicita tu Cotizaci\u00f3n<\/strong><\/h3>\n{&#8220;visual&#8221;:false,&#8221;title&#8221;:&#8221;&#8221;,&#8221;text&#8221;:&#8221;<p class=\"wpcf7-contact-form-not-found\"><strong>Error:<\/strong> Formulario de contacto no encontrado.<\/p>&#8220;,&#8221;legacy&#8221;:false}\n\n\n\n\n<h4><em>&#8220;Lideres en dise\u00f1o, construcci\u00f3n, consultoria y mantenimiento RITEL&#8221;<\/em><\/h4>\n\n\n\n<h4>Algunos de nuestros clientes<\/h4>\n\n\n\n\n\n\n\n\n\n\n\n<span style=\"color: rgb(34, 34, 34);\">Ingenier\u00eda y Construcci\u00f3n de Redes INCOREDES S.A.S<\/span><br style=\"color: rgb(34, 34, 34);\"><span style=\"color: rgb(34, 34, 34);\">Carrera 15 # 15a \u2013 35 Barrio la Pradera, Jamund\u00ed Valle del Cauca<\/span><br style=\"color: rgb(34, 34, 34);\"><span style=\"color: rgb(34, 34, 34);\">Tel\u00e9fono: 3113787426<\/span><br style=\"color: rgb(34, 34, 34);\"><span style=\"color: rgb(34, 34, 34);\">Email:&nbsp;<\/span><a href=\"mailto:Comercial.digital@incoredessas.com\" target=\"_blank\" rel=\"noreferrer noopener\" style=\"color: rgb(30, 115, 190);\">Comercial.digital<\/a><span style=\"color: rgb(34, 34, 34);\">@incoredessas.com<\/span>\n\n\n\n\n\n\n\n\n\n\n\n\n\n","protected":false},"excerpt":{"rendered":"","protected":false},"author":1,"featured_media":0,"parent":0,"menu_order":0,"comment_status":"closed","ping_status":"closed","template":"","meta":{"pagelayer_contact_templates":[],"_pagelayer_content":"","_joinchat":[],"footnotes":""},"class_list":["post-19","page","type-page","status-publish"],"_links":{"self":[{"href":"https:\/\/ritel.com.incoredessas.com\/index.php?rest_route=\/wp\/v2\/pages\/19","targetHints":{"allow":["GET"]}}],"collection":[{"href":"https:\/\/ritel.com.incoredessas.com\/index.php?rest_route=\/wp\/v2\/pages"}],"about":[{"href":"https:\/\/ritel.com.incoredessas.com\/index.php?rest_route=\/wp\/v2\/types\/page"}],"author":[{"embeddable":true,"href":"https:\/\/ritel.com.incoredessas.com\/index.php?rest_route=\/wp\/v2\/users\/1"}],"replies":[{"embeddable":true,"href":"https:\/\/ritel.com.incoredessas.com\/index.php?rest_route=%2Fwp%2Fv2%2Fcomments&post=19"}],"version-history":[{"count":90,"href":"https:\/\/ritel.com.incoredessas.com\/index.php?rest_route=\/wp\/v2\/pages\/19\/revisions"}],"predecessor-version":[{"id":191,"href":"https:\/\/ritel.com.incoredessas.com\/index.php?rest_route=\/wp\/v2\/pages\/19\/revisions\/191"}],"wp:attachment":[{"href":"https:\/\/ritel.com.incoredessas.com\/index.php?rest_route=%2Fwp%2Fv2%2Fmedia&parent=19"}],"curies":[{"name":"wp","href":"https:\/\/api.w.org\/{rel}","templated":true}]}}