{"id":88,"date":"2025-04-13T11:16:35","date_gmt":"2025-04-13T16:16:35","guid":{"rendered":"https:\/\/ritel.com.incoredessas.com\/?page_id=88"},"modified":"2025-04-20T11:47:38","modified_gmt":"2025-04-20T16:47:38","slug":"quienes-somos","status":"publish","type":"page","link":"https:\/\/ritel.com.incoredessas.com\/?page_id=88","title":{"rendered":"Quienes Somos"},"content":{"rendered":"\n\n\n<p style=\"text-align: justify;\">INCOREDES S.A.S. a trav\u00e9s de m\u00e1s de 12 a\u00f1os de experiencia cumpliendo a\n                    sus clientes, con servicios de alta calidad en sistemas de telecomunicaciones, sistemas el\u00e9ctricos y\n                    sistemas de iluminaci\u00f3n se ha posicionado como una de las mejores alternativas para el desarrollo de\n                    todo tipo de proyectos, tanto a mediana como a gran escala en proyectos de dise\u00f1o, construcci\u00f3n,\n                    diagn\u00f3stico y mantenimiento, logrando tener un impacto presencial a nivel nacional.<br><\/br>\n\n                    Desde nuestros inicios nos hemos comprometido a ofrecer el mejor servicio con s\u00f3lidos principios de\n                    profesionalidad y calidad del servicio prestado. Por esa raz\u00f3n podemos contar con clientes fieles y\n                    satisfechos que son nuestro mejor reclamo.<br><\/br>\n\n                    Somos especialistas en consultor\u00eda, dise\u00f1o y construcci\u00f3n de instalaciones el\u00e9ctricas de media\n                    tensi\u00f3n, baja tensi\u00f3n, transformaci\u00f3n de energ\u00eda el\u00e9ctrica e instalaciones de uso final\n                    residenciales y comerciales, as\u00ed como de instalaciones de telecomunicaciones en infraestructura\n                    soporte y TDT.<br><\/br>\n\n                    Ofrecemos tambi\u00e9n servicios de montaje de redes de fibra \u00f3ptica, cableado estructurado de voz y\n                    datos, dise\u00f1o y montaje de sistemas de puesta a tierra, as\u00ed como el diagnostico de estos sistemas,\n                    c\u00e1lculos de iluminaci\u00f3n, c\u00e1lculos fotom\u00e9tricos y distribuci\u00f3n de equipos de\n                    telecomunicaciones.<br><\/br>\n\n                    Por <strong>calidad<\/strong>, por <strong>competencia<\/strong>, por <strong>eficacia<\/strong> y\n                    por <strong>precios<\/strong> m\u00e1s que competitivos, queremos ser su\n                    empresa aliada en este tipo de proyectos.\n                <\/p>\n\n\n\n\n\n<p>servicios ofertados<\/p>\n\n\n\n\n\n\n\n\n\n\n\n\n\n\n\n\n\n\n\n\n\n\n\n\n\n\n<p style=\"text-align: right; \"><span style=\"font-size: 20px; color: rgb(255, 255, 255);\"><strong style=\"line-height: 1;\">LOREM CORPORATE CEO<\/strong><\/span><\/p><p style=\"text-align: center;\"><span style=\"color: rgb(255, 255, 255);\">Duis aute irure dolor in reprehenderit in voluptate velit esse cillum dolore eu fugiat nulla pariatur. Excepteur sint occaecat cupidatat non proident, sunt in culpa qui officia deserunt mollit anim id est laborum.<\/span><\/p><p style=\"text-align: left;\"><sign>\u00a0 \u00a0 \u00a0 <span style=\"line-height: 2.0;\">Benn Marshall<\/span><\/sign><\/p>\n\n\n<p>Dise\u00f1o y construccion RITEL, redes de TDT, infraestructura soporte de las redes de telecomunicaciones de acuerdo al reglamento tecnico para redes internas de telecomunicaciones RITEL.<\/p>\n<p>Dise\u00f1o, construccion, remodelacion y mantenimiento de instalaciones electricas en media y baja tension, instalacion de subestaciones tipo poste, pedestal, interior y jardin, instalaciones de uso final para el sector residencial, comercil, industrial y especiales de acuerdo al reglamento tecnico de instalaciones electricas RETIE y la norma tecnica colombina NTC 2050.<\/p>\n<p>Dise\u00f1o y construccion de iluminacion interior, ornamental, escenarios deportivos y alumbrado publico de acuerdo al reglamento tecnico de iluminacion y alumbrado publico RETILAP.<\/p>\n\n\n\n\n\n\n\n<p>servicios ofertados<\/p>\n\n\n\n\n\n\n\n\n\n\n\n\n\n\n\n\n\n\n\n\n\n\n\n\n\n\n<p style=\"text-align: right; \"><span style=\"font-size: 20px; color: rgb(255, 255, 255);\"><strong style=\"line-height: 1;\">LOREM CORPORATE CEO<\/strong><\/span><\/p><p style=\"text-align: center;\"><span style=\"color: rgb(255, 255, 255);\">Duis aute irure dolor in reprehenderit in voluptate velit esse cillum dolore eu fugiat nulla pariatur. Excepteur sint occaecat cupidatat non proident, sunt in culpa qui officia deserunt mollit anim id est laborum.<\/span><\/p><p style=\"text-align: left;\"><sign>\u00a0 \u00a0 \u00a0 <span style=\"line-height: 2.0;\">Benn Marshall<\/span><\/sign><\/p>\n\n\n<h6><strong>Sistemas de Telecomunicaciones<\/strong><\/h6>\n\n<h1 style=\"margin-bottom: 0px; font-family: Poppins; font-style: normal; overflow-wrap: break-word; color: rgb(31, 39, 50); font-size: 15px !important; line-height: 1.65em !important; font-variant-numeric: normal !important; font-variant-east-asian: normal !important; font-variant-alternates: normal !important; font-variant-position: normal !important; font-variant-emoji: normal !important;\">Dise\u00f1o e instalacion de red de infraestructura soporte de la red interna de telecomunicaciones de acuerdo al RITEL.<\/h1>\n<h1 style=\"margin-bottom: 0px; font-family: Poppins; font-style: normal; overflow-wrap: break-word; color: rgb(31, 39, 50); font-size: 15px !important; line-height: 1.65em !important; font-variant-numeric: normal !important; font-variant-east-asian: normal !important; font-variant-alternates: normal !important; font-variant-position: normal !important; font-variant-emoji: normal !important;\">Dise\u00f1o y construcci\u00f3n de la red de captaci\u00f3n, distribuci\u00f3n, dispersi\u00f3n e interna de usuario d elas se\u00f1ales para el acceso al servicio de televisi\u00f3n digital terrestre TDT cumpliendo con RITEL.<\/h1>\n<h1 style=\"margin-bottom: 0px; font-family: Poppins; font-style: normal; overflow-wrap: break-word; color: rgb(31, 39, 50); font-size: 15px !important; line-height: 1.65em !important; font-variant-numeric: normal !important; font-variant-east-asian: normal !important; font-variant-alternates: normal !important; font-variant-position: normal !important; font-variant-emoji: normal !important;\">Redes de fibra \u00d3ptica.<\/h1>\n<h1 style=\"margin-bottom: 0px; font-family: Poppins; font-style: normal; overflow-wrap: break-word; color: rgb(31, 39, 50); font-size: 15px !important; line-height: 1.65em !important; font-variant-numeric: normal !important; font-variant-east-asian: normal !important; font-variant-alternates: normal !important; font-variant-position: normal !important; font-variant-emoji: normal !important;\">Redes&nbsp; de cableado estructurado de voz y datos.<\/h1>\n\n<h6><strong>Redes el\u00e9ctricas de Media y Baja Tensi\u00f3n<\/strong><\/h6>\n\n<h1 style=\"margin-bottom: 0px; font-family: Poppins; font-style: normal; overflow-wrap: break-word; color: rgb(31, 39, 50); font-size: 15px !important; line-height: 1.65em !important; font-variant-numeric: normal !important; font-variant-east-asian: normal !important; font-variant-alternates: normal !important; font-variant-position: normal !important; font-variant-emoji: normal !important;\">Dise\u00f1o de redes a\u00e9reas y subterr\u00e1neas.<\/h1>\n<h1 style=\"margin-bottom: 0px; font-family: Poppins; font-style: normal; overflow-wrap: break-word; color: rgb(31, 39, 50); font-size: 15px !important; line-height: 1.65em !important; font-variant-numeric: normal !important; font-variant-east-asian: normal !important; font-variant-alternates: normal !important; font-variant-position: normal !important; font-variant-emoji: normal !important;\">Montaje de redes a\u00e9reas y subterr\u00e1neas.<\/h1>\n<h1 style=\"margin-bottom: 0px; font-family: Poppins; font-style: normal; overflow-wrap: break-word; color: rgb(31, 39, 50); font-size: 15px !important; line-height: 1.65em !important; font-variant-numeric: normal !important; font-variant-east-asian: normal !important; font-variant-alternates: normal !important; font-variant-position: normal !important; font-variant-emoji: normal !important;\">Estudio de Coordinaci\u00f3n de protecciones.<\/h1>\n<h1 style=\"margin-bottom: 0px; font-family: Poppins; font-style: normal; overflow-wrap: break-word; color: rgb(31, 39, 50); font-size: 15px !important; line-height: 1.65em !important; font-variant-numeric: normal !important; font-variant-east-asian: normal !important; font-variant-alternates: normal !important; font-variant-position: normal !important; font-variant-emoji: normal !important;\">Protocolo de energizaci\u00f3n.<\/h1>\n\n<h6><strong>Sistema de Puesta a Tierra<\/strong><\/h6>\n\n<h1 style=\"margin-bottom: 0px; font-family: Poppins; font-style: normal; overflow-wrap: break-word; color: rgb(31, 39, 50); font-size: 15px !important; line-height: 1.65em !important; font-variant-numeric: normal !important; font-variant-east-asian: normal !important; font-variant-alternates: normal !important; font-variant-position: normal !important; font-variant-emoji: normal !important;\">Dise\u00f1o y montaje de sistemas de puesta a tierra.<\/h1>\n<h1 style=\"margin-bottom: 0px; font-family: Poppins; font-style: normal; overflow-wrap: break-word; color: rgb(31, 39, 50); font-size: 15px !important; line-height: 1.65em !important; font-variant-numeric: normal !important; font-variant-east-asian: normal !important; font-variant-alternates: normal !important; font-variant-position: normal !important; font-variant-emoji: normal !important;\">Medici\u00f3n de resistividad en el terreno.<\/h1>\n<h1 style=\"margin-bottom: 0px; font-family: Poppins; font-style: normal; overflow-wrap: break-word; color: rgb(31, 39, 50); font-size: 15px !important; line-height: 1.65em !important; font-variant-numeric: normal !important; font-variant-east-asian: normal !important; font-variant-alternates: normal !important; font-variant-position: normal !important; font-variant-emoji: normal !important;\">Diagnostico de puesta a tierra.<\/h1>\n\n\n\n\n\n\n\n\n\n\n\n\n\n\n\n\n\n\n\n\n\n\n\n\n\n\n\n\n<p style=\"text-align: right; \"><span style=\"font-size: 20px; color: rgb(255, 255, 255);\"><strong style=\"line-height: 1;\">LOREM CORPORATE CEO<\/strong><\/span><\/p><p style=\"text-align: center;\"><span style=\"color: rgb(255, 255, 255);\">Duis aute irure dolor in reprehenderit in voluptate velit esse cillum dolore eu fugiat nulla pariatur. Excepteur sint occaecat cupidatat non proident, sunt in culpa qui officia deserunt mollit anim id est laborum.<\/span><\/p><p style=\"text-align: left;\"><sign>\u00a0 \u00a0 \u00a0 <span style=\"line-height: 2.0;\">Benn Marshall<\/span><\/sign><\/p>\n\n\n<h6><b>Alumbrado<\/b><\/h6>\n\n<h1 style=\"margin-bottom: 0px; font-family: Poppins; font-style: normal; overflow-wrap: break-word; color: rgb(31, 39, 50); font-size: 15px !important; line-height: 1.65em !important; font-variant-numeric: normal !important; font-variant-east-asian: normal !important; font-variant-alternates: normal !important; font-variant-position: normal !important; font-variant-emoji: normal !important;\">Calculos de iluminacion para zonas comunes, oficinas y locales..<\/h1>\n<h1 style=\"margin-bottom: 0px; font-family: Poppins; font-style: normal; overflow-wrap: break-word; color: rgb(31, 39, 50); font-size: 15px !important; line-height: 1.65em !important; font-variant-numeric: normal !important; font-variant-east-asian: normal !important; font-variant-alternates: normal !important; font-variant-position: normal !important; font-variant-emoji: normal !important;\">Dise\u00f1o y montaje de alumbrado p\u00fablico en v\u00edas, parques y escenarios deportivos.<\/h1>\n<h1 style=\"margin-bottom: 0px; font-family: Poppins; font-style: normal; overflow-wrap: break-word; color: rgb(31, 39, 50); font-size: 15px !important; line-height: 1.65em !important; font-variant-numeric: normal !important; font-variant-east-asian: normal !important; font-variant-alternates: normal !important; font-variant-position: normal !important; font-variant-emoji: normal !important;\">Calculos fotometricos.<\/h1>\n<h1 style=\"margin-bottom: 0px; font-family: Poppins; font-style: normal; overflow-wrap: break-word; color: rgb(31, 39, 50); font-size: 15px !important; line-height: 1.65em !important; font-variant-numeric: normal !important; font-variant-east-asian: normal !important; font-variant-alternates: normal !important; font-variant-position: normal !important; font-variant-emoji: normal !important;\">Dise\u00f1o y montaje de iluminaci\u00f3n para uso final industrial, comercial y residencial.<\/h1>\n\n<h6><strong>Ingenieria y Equipos<\/strong><\/h6>\n\n<h1 style=\"margin-bottom: 0px; font-family: Poppins; font-style: normal; overflow-wrap: break-word; color: rgb(31, 39, 50); font-size: 15px !important; line-height: 1.65em !important; font-variant-numeric: normal !important; font-variant-east-asian: normal !important; font-variant-alternates: normal !important; font-variant-position: normal !important; font-variant-emoji: normal !important;\">Compra, distribuci\u00f3n y venta de equipos de telecomunicaciones para el acces o a la televisi\u00f3n digital terrestre TDT.<\/h1>\n<h1 style=\"margin-bottom: 0px; font-family: Poppins; font-style: normal; overflow-wrap: break-word; color: rgb(31, 39, 50); font-size: 15px !important; line-height: 1.65em !important; font-variant-numeric: normal !important; font-variant-east-asian: normal !important; font-variant-alternates: normal !important; font-variant-position: normal !important; font-variant-emoji: normal !important;\">Toma de medidas especializadas (Medidor de campos para intensidad de se\u00f1al radio difundida de TDT, resistividad del terreno, niveles de iluminaci\u00f3n.<\/h1>\n\n\n\n\n\n\n\n<h6><strong><em>Estamos seguros que nuestra empresa cumplir\u00e1 con sus expectiativas y requerimientos. y esperamos que os brindes la oportunidad de ser su proveedor de confianza.<\/em><\/strong><\/h6>\n\n\n","protected":false},"excerpt":{"rendered":"","protected":false},"author":1,"featured_media":0,"parent":0,"menu_order":0,"comment_status":"closed","ping_status":"closed","template":"","meta":{"pagelayer_contact_templates":[],"_pagelayer_content":"","_joinchat":[],"footnotes":""},"class_list":["post-88","page","type-page","status-publish"],"_links":{"self":[{"href":"https:\/\/ritel.com.incoredessas.com\/index.php?rest_route=\/wp\/v2\/pages\/88","targetHints":{"allow":["GET"]}}],"collection":[{"href":"https:\/\/ritel.com.incoredessas.com\/index.php?rest_route=\/wp\/v2\/pages"}],"about":[{"href":"https:\/\/ritel.com.incoredessas.com\/index.php?rest_route=\/wp\/v2\/types\/page"}],"author":[{"embeddable":true,"href":"https:\/\/ritel.com.incoredessas.com\/index.php?rest_route=\/wp\/v2\/users\/1"}],"replies":[{"embeddable":true,"href":"https:\/\/ritel.com.incoredessas.com\/index.php?rest_route=%2Fwp%2Fv2%2Fcomments&post=88"}],"version-history":[{"count":8,"href":"https:\/\/ritel.com.incoredessas.com\/index.php?rest_route=\/wp\/v2\/pages\/88\/revisions"}],"predecessor-version":[{"id":207,"href":"https:\/\/ritel.com.incoredessas.com\/index.php?rest_route=\/wp\/v2\/pages\/88\/revisions\/207"}],"wp:attachment":[{"href":"https:\/\/ritel.com.incoredessas.com\/index.php?rest_route=%2Fwp%2Fv2%2Fmedia&parent=88"}],"curies":[{"name":"wp","href":"https:\/\/api.w.org\/{rel}","templated":true}]}}