{"id":89,"date":"2025-04-13T11:16:35","date_gmt":"2025-04-13T16:16:35","guid":{"rendered":"https:\/\/ritel.com.incoredessas.com\/?page_id=89"},"modified":"2025-04-16T15:05:44","modified_gmt":"2025-04-16T20:05:44","slug":"conoce-el-ritel","status":"publish","type":"page","link":"https:\/\/ritel.com.incoredessas.com\/?page_id=89","title":{"rendered":"Conoce el RITEL"},"content":{"rendered":"\n\n\n\n\n\n\n<span style=\"font-family: &quot;Work Sans&quot;, sans-serif; font-size: 18.6667px; background-color: rgb(235, 235, 235);\">El Reglamento T\u00e9cnico para Redes Internas de Telecomunicaciones (RITEL) es la norma expedida por la Comisi\u00f3n de Regulaci\u00f3n de Comunicaciones (CRC) mediante el cual se establecen las condiciones y caracter\u00edsticas de la infraestructura soporte de la red de telecomunicaciones en una vivienda que corresponda al r\u00e9gimen de copropiedad horizontal, as\u00ed como tambi\u00e9n las condiciones para la instalaci\u00f3n de la red de Televisi\u00f3n Digital Terrestre (TDT).<\/span>\n\n\n\n\n\n\nEl \u00e1mbito de aplicaci\u00f3n de RITEL se encuentra descrito en el numeral 1.2. \u00c1mbito de Aplicaci\u00f3n del Anexo 8.1 del T\u00edtulo de Anexos de la Resoluci\u00f3n CRC 5050 de 2016, en este se indica cuales inmuebles est\u00e1s obligados cumplir con el reglamento, as\u00ed como, las personas o entidades de lo deben cumplir y la fecha de exigibilidad del mismo. A continuaci\u00f3n, se encuentra el mencionado Art\u00edculo:\n\n\u00ab\u00c1MBITO DE APLICACI\u00d3N: Reglamento T\u00e9cnico para Redes Internas de Telecomunicaciones -RITEL- aplica a todos aquellos inmuebles que est\u00e9n sometidos al r\u00e9gimen de copropiedad o propiedad horizontal establecido en Colombia por la Ley 675 de 2001 o las normas que la modifiquen, sustituyan o complementen, cuyo uso sea vivienda, y que a la fecha de exigibilidad de este reglamento (1 de julio de 2019) no cuenten con licencia de construcci\u00f3n como obra nueva, o no hayan iniciado la etapa de preventa de cualquier proyecto constructivo.\n\nIgualmente, aplica a los proveedores de servicios, las empresas constructoras de los inmuebles sometidos al r\u00e9gimen de propiedad horizontal previsto en la Ley 675 de 2001 -o las normas que la modifiquen, sustituyan o complementen-, a las comunidades de copropietarios de dichos inmuebles, y a los fabricantes, distribuidores y comercializadores de los elementos utilizados en la construcci\u00f3n de la infraestructura soporte de las redes internas de telecomunicaciones de tales inmuebles.\n\nPara efectos del RITEL, la referencia a \u201cproveedor de servicios\u201d se refiere a los Proveedores de Redes y Servicios de Telecomunicaciones, incluidos los operadores de televisi\u00f3n cableada y cerrada y los operadores de televisi\u00f3n satelital.\n\nEn relaci\u00f3n con los proyectos de vivienda abierta en las cuales la propiedad horizontal sea conformada exclusivamente por dos unidades de vivienda, que no posean zonas comunes ni administraci\u00f3n compartida, solo les ser\u00e1 exigible para el cumplimiento de RITEL, lo relativo a la red interna de usuario. En cuanto a la red de TDT para estos proyectos, en caso de ser necesario el uso de un amplificador para viviendas, se permitir\u00e1 que este sea instalado en el interior de la caja PAU.\n\nEn el presente reglamento, el concepto de inmuebles abarca lo siguiente: \u201cEdificio\u201d, \u201cConjunto\u201d, \u201cEdificio o Conjunto de Uso Residencial\u201d, \u201cEdificio o Conjunto de Uso mixto\u201d, \u201cBienes privados o de dominio particular\u201d, \u201cBienes comunes\u201d y \u201cBienes comunes esenciales\u201d sujetos al R\u00e9gimen y Reglamentos de Propiedad Horizontal, de conformidad con lo establecido en el art\u00edculo 3 de la Ley 675 de 2001, por medio de la cual se expide el r\u00e9gimen de propiedad horizontal, o las normas que la modifiquen, sustituyan o complementen.\u00bb\n\n\n\n\n\n\n","protected":false},"excerpt":{"rendered":"","protected":false},"author":1,"featured_media":0,"parent":0,"menu_order":0,"comment_status":"closed","ping_status":"closed","template":"","meta":{"pagelayer_contact_templates":[],"_pagelayer_content":"","_joinchat":[],"footnotes":""},"class_list":["post-89","page","type-page","status-publish"],"_links":{"self":[{"href":"https:\/\/ritel.com.incoredessas.com\/index.php?rest_route=\/wp\/v2\/pages\/89","targetHints":{"allow":["GET"]}}],"collection":[{"href":"https:\/\/ritel.com.incoredessas.com\/index.php?rest_route=\/wp\/v2\/pages"}],"about":[{"href":"https:\/\/ritel.com.incoredessas.com\/index.php?rest_route=\/wp\/v2\/types\/page"}],"author":[{"embeddable":true,"href":"https:\/\/ritel.com.incoredessas.com\/index.php?rest_route=\/wp\/v2\/users\/1"}],"replies":[{"embeddable":true,"href":"https:\/\/ritel.com.incoredessas.com\/index.php?rest_route=%2Fwp%2Fv2%2Fcomments&post=89"}],"version-history":[{"count":3,"href":"https:\/\/ritel.com.incoredessas.com\/index.php?rest_route=\/wp\/v2\/pages\/89\/revisions"}],"predecessor-version":[{"id":200,"href":"https:\/\/ritel.com.incoredessas.com\/index.php?rest_route=\/wp\/v2\/pages\/89\/revisions\/200"}],"wp:attachment":[{"href":"https:\/\/ritel.com.incoredessas.com\/index.php?rest_route=%2Fwp%2Fv2%2Fmedia&parent=89"}],"curies":[{"name":"wp","href":"https:\/\/api.w.org\/{rel}","templated":true}]}}